{"id":8,"date":"2022-08-24T10:58:22","date_gmt":"2022-08-24T08:58:22","guid":{"rendered":"http:\/\/agencef.cluster029.hosting.ovh.net\/?page_id=2"},"modified":"2022-08-26T19:32:56","modified_gmt":"2022-08-26T17:32:56","slug":"page-d-exemple-2","status":"publish","type":"page","link":"https:\/\/www.agenceodyssee.fr\/","title":{"rendered":"Accueil"},"content":{"rendered":"\n<p>Qui n&rsquo;a jamais r\u00eav\u00e9 de se projeter dans une histoire, d&rsquo;y incarner quelques heures durant un personnage ? <\/p>\n\n\n\n<p class=\"has-text-align-center has-custom-couleur-5-background-color has-background\" style=\"font-size:0.89rem\"><em><mark style=\"background-color:rgba(0, 0, 0, 0)\" class=\"has-inline-color has-custom-couleur-3-color\">Voulez vous \u00eatre des d\u00e9tectives amateurs charg\u00e9s de d\u00e9couvrir l&rsquo;assassin parmi un groupe d&rsquo;invit\u00e9s ? <\/mark><\/em><br><em><mark style=\"background-color:rgba(0, 0, 0, 0)\" class=\"has-inline-color has-custom-couleur-3-color\">Les repr\u00e9sentants de grandes familles de province charg\u00e9s de n\u00e9gocier la fin d&rsquo;une querelle s\u00e9culaire sur fond de myst\u00e9rieux orage ? <\/mark><\/em><br><em><mark style=\"background-color:rgba(0, 0, 0, 0)\" class=\"has-inline-color has-custom-couleur-3-color\">Des colons spatiaux enferm\u00e9s dans leur base \u00e0 la surface de Titan ? <\/mark><\/em><br><em><mark style=\"background-color:rgba(0, 0, 0, 0)\" class=\"has-inline-color has-custom-couleur-3-color\">Quelques sorciers \u00e9rudits cherchant \u00e0 survivre \u00e0 une invitation aux allures de pi\u00e8ge ?<\/mark><\/em><br><em><mark style=\"background-color:rgba(0, 0, 0, 0)\" class=\"has-inline-color has-custom-couleur-3-color\">Les survivants d&rsquo;un monde post-apocalyptique se divisant les ruines de Lyon ?<\/mark><\/em><br><em><mark style=\"background-color:rgba(0, 0, 0, 0)\" class=\"has-inline-color has-custom-couleur-3-color\">Des truands parisiens des ann\u00e9es 20 pris dans leurs querelles et manigances ? <\/mark><\/em><\/p>\n\n\n\n<p>Ces r\u00f4les (et tant d&rsquo;autres !) vous pouvez les endosser l&rsquo;espace d&rsquo;une apr\u00e8s-midi ou d&rsquo;une soir\u00e9e, entre amis ou coll\u00e8gues, par le biais des Aventures Grandeur Nature de l&rsquo;Agence Odyss\u00e9e !<\/p>\n\n\n\n<p class=\"has-text-align-center has-custom-couleur-5-color has-text-color has-large-font-size\"><strong>En quoi consiste une Aventure Grandeur Nature ?<\/strong><\/p>\n\n\n\n<p>Une Aventure Grandeur Nature (parfois aussi appel\u00e9e \u00ab\u00a0murder-party\u00a0\u00bb ou \u00ab\u00a0soir\u00e9e enqu\u00eate\u00a0\u00bb) est un \u00e9v\u00e8nement durant g\u00e9n\u00e9ralement entre une et quatre heure, r\u00e9unissant souvent entre six et quinze participantes et participants qui jouent un r\u00f4le dans un contexte fictionnel pr\u00e9-\u00e9crit, mais sur le d\u00e9roulement et l&rsquo;issue duquel chaque personnage peut avoir une influence.<\/p>\n\n\n\n<p>On peut voir cela comme un m\u00e9lange d&rsquo;escape game et de jeu de r\u00f4le, avec une composante th\u00e9\u00e2trale. Mais pas de panique, aucune connaissance ou exp\u00e9rience pr\u00e9alable n&rsquo;est requise, et chacun peut y participer et s&rsquo;y amuser !<\/p>\n\n\n\n<p>En pratique, beaucoup d&rsquo;\u00e9l\u00e9ments changent d&rsquo;une aventure \u00e0 l&rsquo;autre, mais le concept central est simple : les participantes et participants se voient remettre avant le d\u00e9but du jeu une fiche d\u00e9taillant leur personnage : son pass\u00e9, ce qu&rsquo;il sait des \u00e9v\u00e8nements se d\u00e9roulant ce soir, un r\u00e9sum\u00e9 bref de sa personnalit\u00e9, etc.<\/p>\n\n\n\n<p>A l&rsquo;aide de ces informations, chaque personne \u00ab\u00a0jouera\u00a0\u00bb ensuite son personnage tout au long du jeu, agissant et r\u00e9agissant d&rsquo;abord aux \u00e9l\u00e9ments pos\u00e9s par le sc\u00e9narios, mais ensuite et surtout aux actions des autres personnages ! <br><\/p>\n\n\n\n<p class=\"has-text-align-center has-large-font-size\"><strong>Comment organiser une Aventure ?<\/strong><\/p>\n\n\n\n<p>Il y a, globalement, trois possibilit\u00e9s :<\/p>\n\n\n\n<ul class=\"wp-block-list\"><li><strong>Si vous \u00eates un particulier, les Aventures font d&rsquo;excellentes activit\u00e9s pour une f\u00eate, un anniversaire ou simplement un apr\u00e8s-midi ou une soir\u00e9e entre amis.<\/strong><ul><li>Vous pouvez simplement acheter le sc\u00e9nario d&rsquo;une Aventure pr\u00e9existante ou bien commander l&rsquo;\u00e9criture d&rsquo;un sc\u00e9nario sur-mesure. Pour ce qui est de l&rsquo;organisation en elle-m\u00eame, vous pouvez soit l&rsquo;inclure dans votre budget et demander \u00e0 l&rsquo;Agence Odyss\u00e9e de s&rsquo;en occuper (en mettant \u00e0 disposition des organisateurs\/organisatrices pour g\u00e9rer le d\u00e9roulement du sc\u00e9nario et la gestion des personnages le jour-m\u00eame), soit d\u00e9cider de vous en occuper vous-m\u00eame, ce qui vous offre plus de libert\u00e9 au prix d&rsquo;une masse de travail suppl\u00e9mentaire cons\u00e9quente.<br><\/li><\/ul><\/li><li><strong>Si vous \u00eates un mus\u00e9e, une biblioth\u00e8que ou une autre organisation culturelle, les Aventures sont tr\u00e8s adapt\u00e9e pour mettre en valeur votre patrimoine ou simplement offrir une activit\u00e9 \u00e0 vos visiteurs.<\/strong><ul><li>Dans ce cas, il est probable que vous veuillez un sc\u00e9nario sur mesure plut\u00f4t qu&rsquo;un de nos sc\u00e9narios d\u00e9j\u00e0 pr\u00eats. Le co\u00fbt en sera plus haut, mais l&rsquo;histoire et les personnages peuvent ainsi \u00eatre centr\u00e9 autour d&rsquo;un th\u00e8me important, d&rsquo;une ambiance, etc. Pour ce qui est de l&rsquo;organisation m\u00eame, il est recommand\u00e9 (mais pas obligatoire) de faire appel \u00e0 l&rsquo;Agence Odyss\u00e9e pour s&rsquo;en charger.<br><\/li><\/ul><\/li><li><strong>Si vous \u00eates une entreprise, les Aventures sont parfaites pour des \u00e9v\u00e8nements de teambuilding, qui offriront des souvenirs m\u00e9morables et pousseront les gens \u00e0 discuter et collaborer.<\/strong><ul><li>A l&rsquo;inverse des mus\u00e9es\/biblioth\u00e8ques, vous voudrez plus probablement un sc\u00e9nario d\u00e9j\u00e0 \u00e9crit, m\u00eame si il n&rsquo;est pas exclu de faire un sondage auparavant pour d\u00e9finir l&rsquo;ambiance et l&rsquo;univers qui satisferaient le plus grand nombre de participants. Dans tous les cas, comme pour les mus\u00e9es, il est recommand\u00e9 de faire appel \u00e0 l&rsquo;Agence Odyss\u00e9e \u00e9galement pour l&rsquo;organisation de l&rsquo;Aventure.<br><\/li><\/ul><\/li><\/ul>\n\n\n\n<p class=\"has-text-align-center\">Dans tous les cas, la premi\u00e8re \u00e9tape sera de vous renseigner sur <a href=\"https:\/\/www.agenceodyssee.fr\/index.php\/nos-scenarios\/\">nos Sc\u00e9narios<\/a> de poser des <a href=\"https:\/\/www.agenceodyssee.fr\/index.php\/qui-sommes-nous\/\">questions<\/a> et, bien s\u00fbr, de nous <a href=\"https:\/\/www.agenceodyssee.fr\/index.php\/organisation-devis\/\">contacter<\/a> !<\/p>\n\n\n\n<p><\/p>\n","protected":false},"excerpt":{"rendered":"<p>Qui n&rsquo;a jamais r\u00eav\u00e9 de se projeter dans une histoire, d&rsquo;y incarner quelques heures durant un personnage ? Voulez vous \u00eatre des d\u00e9tectives amateurs charg\u00e9s de d\u00e9couvrir l&rsquo;assassin parmi un groupe d&rsquo;invit\u00e9s ? Les repr\u00e9sentants de grandes familles de province charg\u00e9s de n\u00e9gocier la fin d&rsquo;une querelle s\u00e9culaire sur fond de myst\u00e9rieux orage ? Des [&hellip;]<\/p>\n","protected":false},"author":1,"featured_media":0,"parent":0,"menu_order":0,"comment_status":"closed","ping_status":"open","template":"","meta":{"footnotes":""},"class_list":["post-8","page","type-page","status-publish","hentry"],"_links":{"self":[{"href":"https:\/\/www.agenceodyssee.fr\/index.php\/wp-json\/wp\/v2\/pages\/8","targetHints":{"allow":["GET"]}}],"collection":[{"href":"https:\/\/www.agenceodyssee.fr\/index.php\/wp-json\/wp\/v2\/pages"}],"about":[{"href":"https:\/\/www.agenceodyssee.fr\/index.php\/wp-json\/wp\/v2\/types\/page"}],"author":[{"embeddable":true,"href":"https:\/\/www.agenceodyssee.fr\/index.php\/wp-json\/wp\/v2\/users\/1"}],"replies":[{"embeddable":true,"href":"https:\/\/www.agenceodyssee.fr\/index.php\/wp-json\/wp\/v2\/comments?post=8"}],"version-history":[{"count":1,"href":"https:\/\/www.agenceodyssee.fr\/index.php\/wp-json\/wp\/v2\/pages\/8\/revisions"}],"predecessor-version":[{"id":112,"href":"https:\/\/www.agenceodyssee.fr\/index.php\/wp-json\/wp\/v2\/pages\/8\/revisions\/112"}],"wp:attachment":[{"href":"https:\/\/www.agenceodyssee.fr\/index.php\/wp-json\/wp\/v2\/media?parent=8"}],"curies":[{"name":"wp","href":"https:\/\/api.w.org\/{rel}","templated":true}]}}