{"id":75,"date":"2022-08-26T17:05:53","date_gmt":"2022-08-26T15:05:53","guid":{"rendered":"http:\/\/www.agenceodyssee.fr\/?page_id=75"},"modified":"2022-09-02T17:17:15","modified_gmt":"2022-09-02T15:17:15","slug":"organisation-devis","status":"publish","type":"page","link":"https:\/\/www.agenceodyssee.fr\/index.php\/organisation-devis\/","title":{"rendered":"Contact &#038; Devis"},"content":{"rendered":"\n<p>Si vous avez d\u00e9cid\u00e9 de sauter le pas (ou au moins de vous renseigner \u00e0 ce sujet) et de nous demander un sc\u00e9nario d&rsquo;aventure et de myst\u00e8re, alors le mieux \u00e0 faire est encore de nous contacter !<\/p>\n\n\n\n<p>Pour \u00e7a, deux possibilit\u00e9s. Soit le formulaire de contact ci-dessous, qui nous transmettra les informations de base, soit plus directement un e-mail \u00e0 contact@agenceodyssee.fr   <\/p>\n\n\n\n<p><\/p>\n\n\n<div class=\"wpforms-container wpforms-container-full\" id=\"wpforms-81\"><form id=\"wpforms-form-81\" class=\"wpforms-validate wpforms-form wpforms-ajax-form\" data-formid=\"81\" method=\"post\" enctype=\"multipart\/form-data\" action=\"\/index.php\/wp-json\/wp\/v2\/pages\/75\" data-token=\"271306c67929760803e60f94dbf325a1\"><div class=\"wpforms-head-container\"><div class=\"wpforms-title\">Formulaire de contact<\/div><\/div><noscript class=\"wpforms-error-noscript\">Veuillez activer JavaScript dans votre navigateur pour remplir ce formulaire.<\/noscript><div class=\"wpforms-field-container\"><div id=\"wpforms-81-field_7-container\" class=\"wpforms-field wpforms-field-name\" data-field-id=\"7\"><label class=\"wpforms-field-label\" for=\"wpforms-81-field_7\">Nom <span class=\"wpforms-required-label\">*<\/span><\/label><div class=\"wpforms-field-row wpforms-field-medium\"><div class=\"wpforms-field-row-block wpforms-first wpforms-one-half\"><input type=\"text\" id=\"wpforms-81-field_7\" class=\"wpforms-field-name-first wpforms-field-required\" name=\"wpforms[fields][7][first]\" required><label for=\"wpforms-81-field_7\" class=\"wpforms-field-sublabel after \">Pr\u00e9nom<\/label><\/div><div class=\"wpforms-field-row-block wpforms-one-half\"><input type=\"text\" id=\"wpforms-81-field_7-last\" class=\"wpforms-field-name-last wpforms-field-required\" name=\"wpforms[fields][7][last]\" required><label for=\"wpforms-81-field_7-last\" class=\"wpforms-field-sublabel after \">Nom<\/label><\/div><\/div><\/div><div id=\"wpforms-81-field_5-container\" class=\"wpforms-field wpforms-field-text\" data-field-id=\"5\"><label class=\"wpforms-field-label\" for=\"wpforms-81-field_5\">Si vous repr\u00e9sentez une organisation, son nom<\/label><input type=\"text\" id=\"wpforms-81-field_5\" class=\"wpforms-field-medium\" name=\"wpforms[fields][5]\" ><\/div><div id=\"wpforms-81-field_4-container\" class=\"wpforms-field wpforms-field-email\" data-field-id=\"4\"><label class=\"wpforms-field-label\" for=\"wpforms-81-field_4\">Votre e-mail <span class=\"wpforms-required-label\">*<\/span><\/label><input type=\"email\" id=\"wpforms-81-field_4\" class=\"wpforms-field-small wpforms-field-required\" name=\"wpforms[fields][4]\" required><div class=\"wpforms-field-description\">Si vous souhaitez une r\u00e9ponse, c'est plus pratique<\/div><\/div><div id=\"wpforms-81-field_9-container\" class=\"wpforms-field wpforms-field-select wpforms-field-select-style-classic\" data-field-id=\"9\"><label class=\"wpforms-field-label\" for=\"wpforms-81-field_9\">Je suis int\u00e9ress\u00e9 par <span class=\"wpforms-required-label\">*<\/span><\/label><select id=\"wpforms-81-field_9\" class=\"wpforms-field-medium wpforms-field-required\" name=\"wpforms[fields][9]\" required=\"required\"><option value=\"Un sc\u00e9nario existant\"  selected='selected'>Un sc\u00e9nario existant<\/option><option value=\"Un sc\u00e9nario sur mesure\" >Un sc\u00e9nario sur mesure<\/option><option value=\"Une adaptation d&#039;un sc\u00e9nario existant\" >Une adaptation d&#039;un sc\u00e9nario existant<\/option><option value=\"Autre\" >Autre<\/option><option value=\"Non d\u00e9cid\u00e9\/Je pose une question\" >Non d\u00e9cid\u00e9\/Je pose une question<\/option><\/select><div class=\"wpforms-field-description\">Quel type de sc\u00e9nario vous int\u00e9resse ?<\/div><\/div><div id=\"wpforms-81-field_10-container\" class=\"wpforms-field wpforms-field-textarea\" data-field-id=\"10\"><label class=\"wpforms-field-label\" for=\"wpforms-81-field_10\">Votre message <span class=\"wpforms-required-label\">*<\/span><\/label><textarea id=\"wpforms-81-field_10\" class=\"wpforms-field-medium wpforms-field-required\" name=\"wpforms[fields][10]\" required><\/textarea><div class=\"wpforms-field-description\">Restez g\u00e9n\u00e9ral pour l'instant : type d'\u00e9v\u00e8nement, vos besoins, la date, le lieu si vous en avez un et le sc\u00e9nario ou type de sc\u00e9nario. Le reste viendra plus tard !<\/div><\/div><\/div><div class=\"wpforms-submit-container\"><input type=\"hidden\" name=\"wpforms[id]\" value=\"81\"><input type=\"hidden\" name=\"wpforms[author]\" value=\"1\"><button type=\"submit\" name=\"wpforms[submit]\" id=\"wpforms-submit-81\" class=\"wpforms-submit\" data-alt-text=\"Envoi...\" data-submit-text=\"Envoyer\" aria-live=\"assertive\" value=\"wpforms-submit\">Envoyer<\/button><img loading=\"lazy\" decoding=\"async\" src=\"https:\/\/www.agenceodyssee.fr\/wp-content\/plugins\/wpforms-lite\/assets\/images\/submit-spin.svg\" class=\"wpforms-submit-spinner\" style=\"display: none;\" width=\"26\" height=\"26\" alt=\"Chargement en cours\"><\/div><\/form><\/div>  <!-- .wpforms-container -->","protected":false},"excerpt":{"rendered":"<p>Si vous avez d\u00e9cid\u00e9 de sauter le pas (ou au moins de vous renseigner \u00e0 ce sujet) et de nous demander un sc\u00e9nario d&rsquo;aventure et de myst\u00e8re, alors le mieux \u00e0 faire est encore de nous contacter ! Pour \u00e7a, deux possibilit\u00e9s. Soit le formulaire de contact ci-dessous, qui nous transmettra les informations de base, [&hellip;]<\/p>\n","protected":false},"author":1,"featured_media":0,"parent":0,"menu_order":0,"comment_status":"closed","ping_status":"closed","template":"","meta":{"footnotes":""},"class_list":["post-75","page","type-page","status-publish","hentry"],"_links":{"self":[{"href":"https:\/\/www.agenceodyssee.fr\/index.php\/wp-json\/wp\/v2\/pages\/75","targetHints":{"allow":["GET"]}}],"collection":[{"href":"https:\/\/www.agenceodyssee.fr\/index.php\/wp-json\/wp\/v2\/pages"}],"about":[{"href":"https:\/\/www.agenceodyssee.fr\/index.php\/wp-json\/wp\/v2\/types\/page"}],"author":[{"embeddable":true,"href":"https:\/\/www.agenceodyssee.fr\/index.php\/wp-json\/wp\/v2\/users\/1"}],"replies":[{"embeddable":true,"href":"https:\/\/www.agenceodyssee.fr\/index.php\/wp-json\/wp\/v2\/comments?post=75"}],"version-history":[{"count":6,"href":"https:\/\/www.agenceodyssee.fr\/index.php\/wp-json\/wp\/v2\/pages\/75\/revisions"}],"predecessor-version":[{"id":189,"href":"https:\/\/www.agenceodyssee.fr\/index.php\/wp-json\/wp\/v2\/pages\/75\/revisions\/189"}],"wp:attachment":[{"href":"https:\/\/www.agenceodyssee.fr\/index.php\/wp-json\/wp\/v2\/media?parent=75"}],"curies":[{"name":"wp","href":"https:\/\/api.w.org\/{rel}","templated":true}]}}