{"id":73,"date":"2022-08-26T17:06:18","date_gmt":"2022-08-26T15:06:18","guid":{"rendered":"http:\/\/www.agenceodyssee.fr\/?page_id=73"},"modified":"2022-09-17T22:09:31","modified_gmt":"2022-09-17T20:09:31","slug":"nos-scenarios","status":"publish","type":"page","link":"https:\/\/www.agenceodyssee.fr\/index.php\/nos-scenarios\/","title":{"rendered":"Nos Sc\u00e9narios"},"content":{"rendered":"\n<p>Au cours de ses ann\u00e9es d&rsquo;existence, l&rsquo;Agence Odyss\u00e9e a r\u00e9dig\u00e9 un certain nombre de sc\u00e9narios, dont la plupart ont d\u00e9j\u00e0 \u00e9t\u00e9 jou\u00e9s et ont eu d&rsquo;excellents retours.<br>Sur cette page, nous mettons \u00e0 disposition une liste de nos sc\u00e9narios d\u00e9j\u00e0 \u00e9crits, parmi laquelle vous pouvez piocher si vous souhaitez organiser une aventure qui a d\u00e9j\u00e0 fait ses preuves (ou simplement si une de ces ambiances vous tente \u00e9norm\u00e9ment !).<\/p>\n\n\n\n<p>N&rsquo;oubliez pas qu&rsquo;il est \u00e9galement possible de commander un sc\u00e9nario enti\u00e8rement nouveau, en fonction de vos besoins (dans tous les cas, et m\u00eame pour d&rsquo;\u00e9ventuels renseignements, nous vous renvoyons \u00e0 notre page <a href=\"https:\/\/www.agenceodyssee.fr\/index.php\/organisation-devis\/\" data-type=\"page\" data-id=\"75\">Contact &amp; Devis<\/a> sur laquelle vous trouverez le formulaire de contact adapt\u00e9 !).<br>Dans certains cas, il est \u00e9galement possible d&rsquo;adapter l\u00e9g\u00e8rement certains sc\u00e9narios pour mieux se pr\u00eater \u00e0 vos exigences (l\u00e9g\u00e8rement \u00e9tant le mot cl\u00e9).<\/p>\n\n\n\n<p>Dans tous les cas, m\u00eame si vous \u00eates simplement \u00e0 la recherche d&rsquo;inspiration, nous esp\u00e9rons que vous trouverez votre bon<\/p>\n\n\n\n<hr class=\"wp-block-separator has-alpha-channel-opacity\"\/>\n\n\n\n<div style=\"height:68px\" aria-hidden=\"true\" class=\"wp-block-spacer\"><\/div>\n\n\n\n<div class=\"wp-block-columns is-not-stacked-on-mobile has-custom-couleur-4-color has-text-color is-layout-flex wp-container-core-columns-is-layout-28f84493 wp-block-columns-is-layout-flex\">\n<div class=\"wp-block-column is-layout-flow wp-block-column-is-layout-flow\">\n<div class=\"wp-block-columns is-layout-flex wp-container-core-columns-is-layout-28f84493 wp-block-columns-is-layout-flex\">\n<div class=\"wp-block-column is-layout-flow wp-block-column-is-layout-flow\" style=\"flex-basis:500px\">\n<figure class=\"wp-block-image alignright size-large is-resized\"><img loading=\"lazy\" decoding=\"async\" src=\"https:\/\/www.agenceodyssee.fr\/wp-content\/uploads\/2022\/08\/pexels-cottonbro-7299592-edited-scaled.jpg\" alt=\"\" class=\"wp-image-99\" width=\"389\" height=\"775\"\/><\/figure>\n\n\n\n<div style=\"height:168px\" aria-hidden=\"true\" class=\"wp-block-spacer\"><\/div>\n\n\n\n<div class=\"wp-block-group is-layout-flow wp-block-group-is-layout-flow\">\n<div class=\"wp-block-group is-layout-flow wp-container-core-group-is-layout-47e5a185 wp-block-group-is-layout-flow\">\n<p class=\"has-text-align-right\" style=\"font-size:24px\"><strong>P\u00e9nulti\u00e8me Traque<\/strong><\/p>\n\n\n\n<p class=\"has-text-align-right\" style=\"font-size:0.77rem\">Une aventure sombre dans l&rsquo;univers sorcier moderne<\/p>\n\n\n\n<p class=\"has-text-align-right\" style=\"font-size:0.78rem\">Dur\u00e9e : 4h<\/p>\n\n\n\n<p class=\"has-text-align-right\" style=\"font-size:0.78rem\">Pour 10 personnes<\/p>\n<\/div>\n\n\n\n<p class=\"has-text-align-right has-small-font-size\"><em>En cet \u00e9t\u00e9 1985, Le Baron de Malpertuis brise la solitude qu&rsquo;il maintient sur son \u00eele d&rsquo;Affalach : une douzaine d&rsquo;invitations sont parties, toutes de sa main m\u00eame. Dans la cour du manoir, dit-il, se trouve le corps de la derni\u00e8re proie de ce grand chasseur. Une b\u00eate que, lui-m\u00eame, il ne parvient pas \u00e0 identifier. Et, quelques jours plus tard, un peu moins de douze invit\u00e9s se pr\u00e9sentent \u00e0 la porte d&rsquo;entr\u00e9e : chercheuses en zoologie magique, montreurs d&rsquo;animaux rares, trafiquantes en substances magiques, propri\u00e9taires de zoo, n\u00e9gociantes en cr\u00e9atures \u00e9tranges et d&rsquo;autres encore aux objectifs plus n\u00e9buleux&#8230; <\/em><\/p>\n\n\n\n<p class=\"has-text-align-right has-small-font-size\"><em>Mais la B\u00eate d&rsquo;Affalach est-elle la v\u00e9ritable raison de leur pr\u00e9sence ici ? Qu&rsquo;en est-il de l&rsquo;\u00cele elle-m\u00eame, dont l&rsquo;origine se perd dans la nuit des temps ? Et de la situation politique tendue entre la France et l&rsquo;Angleterre, qui rend ce poste avanc\u00e9 si pr\u00e9cieux ? Quel sont les termes de l&rsquo;arrangement conclu entre la famille Malpertuis et le Roi d&rsquo;Angleterre dans les ann\u00e9es 1200, et dont on ne parle qu&rsquo;\u00e0 demi-mot ? Tout ceci serait-il li\u00e9 \u00e0 la traque de cet ex-Mangemort toujours en fuite ? Et quel est ce hululement \u00e9trange dans le parc ? C&rsquo;est en des nuits comme celle-ci que le monde peut changer pour de bon&#8230; En bien ou en mal.<\/em><\/p>\n\n\n\n<div style=\"height:35px\" aria-hidden=\"true\" class=\"wp-block-spacer\"><\/div>\n\n\n\n<figure class=\"wp-block-image alignright size-large is-resized\"><img loading=\"lazy\" decoding=\"async\" src=\"https:\/\/www.agenceodyssee.fr\/wp-content\/uploads\/2022\/08\/image-from-rawpixel-id-7656326-jpeg-edited.jpg\" alt=\"\" class=\"wp-image-105\" width=\"476\" height=\"761\" srcset=\"https:\/\/www.agenceodyssee.fr\/wp-content\/uploads\/2022\/08\/image-from-rawpixel-id-7656326-jpeg-edited.jpg 729w, https:\/\/www.agenceodyssee.fr\/wp-content\/uploads\/2022\/08\/image-from-rawpixel-id-7656326-jpeg-edited-187x300.jpg 187w, https:\/\/www.agenceodyssee.fr\/wp-content\/uploads\/2022\/08\/image-from-rawpixel-id-7656326-jpeg-edited-640x1024.jpg 640w\" sizes=\"auto, (max-width: 476px) 100vw, 476px\" \/><\/figure>\n\n\n\n<p><\/p>\n\n\n\n<div class=\"wp-block-group is-layout-flow wp-container-core-group-is-layout-47e5a185 wp-block-group-is-layout-flow\">\n<p class=\"has-text-align-right\" style=\"font-size:24px\"><strong>Le Blues des Petits Villages<\/strong><\/p>\n\n\n\n<p class=\"has-text-align-right\" style=\"font-size:0.77rem\">Une aventure d\u00e9cal\u00e9e dans un univers campagnard teint\u00e9 d&rsquo;occulte<\/p>\n\n\n\n<p class=\"has-text-align-right\" style=\"font-size:0.78rem\">Dur\u00e9e : 4h<\/p>\n\n\n\n<p class=\"has-text-align-right\" style=\"font-size:0.78rem\">Pour 8 \u00e0 20 personnes<\/p>\n<\/div>\n\n\n\n<p class=\"has-small-font-size\"><em>De m\u00e9moire d&rsquo;homme (ou de femme), le pire \u00e9v\u00e8nement qu&rsquo;on aie eu \u00e0 d\u00e9plorer au village ces dix derni\u00e8res ann\u00e9es c&rsquo;est probablement l&rsquo;engueulade entre deux petits vieux au sujet de la propri\u00e9t\u00e9 d&rsquo;un banc de pierre (engueulade qui s&rsquo;est tout de m\u00eame sold\u00e9e par plusieurs coups de fusil). Aujourd&rsquo;hui, \u00e7a passe en troisi\u00e8me position, derri\u00e8re la myst\u00e9rieuse disparition d&rsquo;une famille enti\u00e8re et le cambriolage de la maison du Maire (une collection enti\u00e8re de tableaux de clowns tristes, vol\u00e9e !). On murmure m\u00eame qu&rsquo;un meurtre sanglant serait venu prendre la premi\u00e8re place r\u00e9cemment &#8211; mais rien d&rsquo;officiel n&rsquo;a encore \u00e9t\u00e9 annonc\u00e9 &#8230;<br>Heureusement, dans la plus pure tradition campagnarde, le banquet annuel du village devrait permettre \u00e0 tout le monde de r\u00e9gler ses probl\u00e8mes gentiment ! On y\u00a0 \u00e9lira le nouveau maire, on go\u00fbtera la piquette du P\u00e8re Antoine et l&rsquo;alcool-\u00e0-base-de-pommes-mais-pas-que du vieux fou qui vit dans la for\u00eat, et on rigolera bien !<br>Et, entre deux verres, on essayera autant que possible d&rsquo;identifier les silhouettes \u00e9tranges aper\u00e7ues dans les bois ces derniers jours&#8230; Avant de devoir rajouter un \u00e9v\u00e8nement pire encore que les pr\u00e9c\u00e9dents.<\/em><\/p>\n\n\n\n<p class=\"has-small-font-size\"><em>Comme on dit \u00e0 la maison : \u201cY&rsquo;a deux raisons de boire : oublier la connerie faite &#8230; ou pr\u00e9parer la prochaine\u201d<\/em><\/p>\n\n\n\n<div style=\"height:19px\" aria-hidden=\"true\" class=\"wp-block-spacer\"><\/div>\n\n\n\n<figure class=\"wp-block-image alignright size-large is-resized\"><img loading=\"lazy\" decoding=\"async\" src=\"https:\/\/www.agenceodyssee.fr\/wp-content\/uploads\/2022\/08\/pexels-cottonbro-4888474-edited-2-scaled.jpg\" alt=\"\" class=\"wp-image-123\" width=\"383\" height=\"613\" srcset=\"https:\/\/www.agenceodyssee.fr\/wp-content\/uploads\/2022\/08\/pexels-cottonbro-4888474-edited-2-scaled.jpg 1600w, https:\/\/www.agenceodyssee.fr\/wp-content\/uploads\/2022\/08\/pexels-cottonbro-4888474-edited-2-188x300.jpg 188w, https:\/\/www.agenceodyssee.fr\/wp-content\/uploads\/2022\/08\/pexels-cottonbro-4888474-edited-2-640x1024.jpg 640w, https:\/\/www.agenceodyssee.fr\/wp-content\/uploads\/2022\/08\/pexels-cottonbro-4888474-edited-2-768x1229.jpg 768w, https:\/\/www.agenceodyssee.fr\/wp-content\/uploads\/2022\/08\/pexels-cottonbro-4888474-edited-2-960x1536.jpg 960w, https:\/\/www.agenceodyssee.fr\/wp-content\/uploads\/2022\/08\/pexels-cottonbro-4888474-edited-2-1280x2048.jpg 1280w\" sizes=\"auto, (max-width: 383px) 100vw, 383px\" \/><\/figure>\n\n\n\n<div class=\"wp-block-group is-layout-flow wp-container-core-group-is-layout-47e5a185 wp-block-group-is-layout-flow\">\n<div style=\"height:50px\" aria-hidden=\"true\" class=\"wp-block-spacer\"><\/div>\n\n\n\n<p class=\"has-text-align-right\" style=\"font-size:24px\"><strong>Cr\u00e9puscule sur la maison Cromwell<\/strong><\/p>\n\n\n\n<p class=\"has-text-align-right\" style=\"font-size:0.77rem\">Une aventure sombre et \u00e9motionnelle dans un univers feutr\u00e9<\/p>\n\n\n\n<p class=\"has-text-align-right\" style=\"font-size:0.78rem\">Dur\u00e9e : 2 \u00e0 4h<\/p>\n\n\n\n<p class=\"has-text-align-right\" style=\"font-size:0.78rem\">Pour 4 \u00e0 8 personnes<\/p>\n<\/div>\n\n\n\n<p class=\"has-text-align-right has-small-font-size\"><em>D&rsquo;une famille mineur de la Nouvelle-Angleterre, le vieux James Howard Cromwell a fait \u00e0 mesure de chance, de travail, et de choix difficiles une des familles les plus riches et influentes.<\/em><\/p>\n\n\n\n<p class=\"has-text-align-right\"><em>D&rsquo;ann\u00e9e en ann\u00e9e, son manoir<\/em> <em>s&rsquo;agrandit, et ses enfants rajoutent sur les plans de la maisonn\u00e9e les salles qui leur plaisent, s&rsquo;offrent des cadeaux dignes de rois, et restent essentiellement oisifs, satisfaits de leur richesse&#8230; Mais celle-ci durera-t-elle toujours ? Et, m\u00eame si c&rsquo;\u00e9tait le cas, que dire de l&rsquo;ambiance de plus en plus \u00e9trange qui touche la famille, et de l&rsquo;hostilit\u00e9 de plus en plus ouverte du vieux James \u00e0 l&rsquo;\u00e9gard de ses enfants ?<br>Quelque chose ne va pas l\u00e0-dedans&#8230;<\/em><\/p>\n\n\n\n<p class=\"has-text-align-right\">Cr\u00e9puscule sur la Maison Cromwell est l&rsquo;aventure la plus atypique de cette liste, puisque vous y jouerez vos personnage non pas le temps d&rsquo;une de leurs soir\u00e9es mais par \u00e9poques de leur vie, voyant leurs relations et objectifs \u00e9voluer \u00e0 mesure que la Maison change.<\/p>\n\n\n\n<div style=\"height:75px\" aria-hidden=\"true\" class=\"wp-block-spacer\"><\/div>\n<\/div>\n<\/div>\n\n\n\n<div class=\"wp-block-column is-layout-flow wp-block-column-is-layout-flow\" style=\"padding-left:0px;flex-basis:500px\">\n<div class=\"wp-block-group is-layout-flow wp-block-group-is-layout-flow\">\n<div class=\"wp-block-group is-layout-flow wp-container-core-group-is-layout-47e5a185 wp-block-group-is-layout-flow\">\n<p class=\"has-text-align-left\" style=\"font-size:24px\"><strong>La Java des Truands<\/strong><\/p>\n\n\n\n<p style=\"font-size:0.77rem\">Une aventure d\u00e9cal\u00e9e dans l&rsquo;univers du crime organis\u00e9<\/p>\n\n\n\n<p style=\"font-size:0.78rem\">Dur\u00e9e : 4h<\/p>\n\n\n\n<p style=\"font-size:0.78rem\">Pour 8 \u00e0 20 personnes<\/p>\n<\/div>\n\n\n\n<p class=\"has-small-font-size\"><em>Il y a quelque chose de pourri au royaume de Truanderie ! En cette belle ann\u00e9e 1937, les hommes du Capa Sforza souffrent quelque peu : un myst\u00e9rieux criminel s&rsquo;attaque \u00e0 leurs ressources, la police m\u00e8ne des purges r\u00e9guli\u00e8res, le nouveau maire n&rsquo;est pas assez corrompu \u00e0 leur go\u00fbt et &#8211; pire encore ! &#8211; le chaton pr\u00e9f\u00e9r\u00e9 du Pr\u00e9sident de la Soci\u00e9t\u00e9 des Cambrioleurs et Pickpockets Associ\u00e9s a myst\u00e9rieusement disparu ! Dans la plus pure tradition du milieu criminel, le Capa convoque les repr\u00e9sentants de chaque soci\u00e9t\u00e9 \u00e0 une grande r\u00e9union, afin d&rsquo;\u00e9couter leurs dol\u00e9ances et, en bon chef, de les ignorer compl\u00e8tement. Sans qu&rsquo;il le sache encore, cependant, quelque chose de n\u00e9faste plane sur cette r\u00e9union, quelque chose qui pourrait bien ronger l&rsquo;unit\u00e9 du monde criminel &#8230;<\/em><\/p>\n\n\n\n<p class=\"has-small-font-size\"><em>Quelle est la v\u00e9ritable identit\u00e9 du spectre qui plane sur le milieu criminel ? Qui gagnera la vie du nouveau Maire aux ench\u00e8res ?&nbsp; Le Syndicat obtiendra-t-il une augmentation du nombre de jours de cong\u00e9s ? Tout le monde persistera-t-il \u00e0 ignorer le pr\u00e9sident de la Guilde des Mendiants ? Les repr\u00e9sentants de la <\/em><em>Confr\u00e9rie des Sectes Occultes arriveront-ils \u00e0 se faire accepter pour de bon ou resteront-ils affili\u00e9s \u00e0 la branche <\/em><em>Religion du \u00ab\u00a0<\/em>Mouvement Arnaque et Triche\u00a0\u00bb<em>&nbsp;(leur devise : \u00ab\u00a0Tant pis pour toi\u00a0\u00bb)? Autant de questions qui devront trouver leur r\u00e9ponse dans cette soir\u00e9e &#8230;<\/em><\/p>\n<\/div>\n\n\n\n<figure class=\"wp-block-image size-large is-resized\"><img loading=\"lazy\" decoding=\"async\" src=\"https:\/\/www.agenceodyssee.fr\/wp-content\/uploads\/2022\/08\/mountains-gce7b165f5_1920-edited-1-576x1024.jpg\" alt=\"\" class=\"wp-image-103\" width=\"511\" height=\"907\" srcset=\"https:\/\/www.agenceodyssee.fr\/wp-content\/uploads\/2022\/08\/mountains-gce7b165f5_1920-edited-1-576x1024.jpg 576w, https:\/\/www.agenceodyssee.fr\/wp-content\/uploads\/2022\/08\/mountains-gce7b165f5_1920-edited-1-169x300.jpg 169w\" sizes=\"auto, (max-width: 511px) 100vw, 511px\" \/><\/figure>\n\n\n\n<div style=\"height:87px\" aria-hidden=\"true\" class=\"wp-block-spacer\"><\/div>\n\n\n\n<div class=\"wp-block-group is-layout-flow wp-container-core-group-is-layout-47e5a185 wp-block-group-is-layout-flow\">\n<p class=\"has-text-align-left\" style=\"font-size:24px\"><strong>Mythop\u00e9die Nocturne<\/strong><\/p>\n\n\n\n<p class=\"has-text-align-left\" style=\"font-size:0.77rem\">Une aventure diplomatique et philosophique dands un univers de fantaisie moderne<\/p>\n\n\n\n<p style=\"font-size:0.78rem\">Dur\u00e9e : 4h<\/p>\n\n\n\n<p style=\"font-size:0.78rem\">Pour 10 \u00e0 20 personnes<\/p>\n<\/div>\n\n\n\n<p class=\"has-small-font-size\"><em>Les anciens mythes, apr\u00e8s plusieurs si\u00e8cles loin de la terre et des humains, viennent de remettre le pied dans notre monde, dans d&rsquo;\u00e9tranges circonstances. Mais voil\u00e0 que ceux qui s&rsquo;attendaient \u00e0 reprendre leur place dans l&rsquo;esprit des humains se trouvent soudain face \u00e0 face avec d&rsquo;autres mythes, qui les ont depuis longtemps remplac\u00e9s. Apr\u00e8s une confrontation initiale violente, les deux c\u00f4t\u00e9s n&rsquo;ont d&rsquo;autre choix que de s&rsquo;asseoir \u00e0 la table des n\u00e9gociations pour trouver un accord de paix ou, \u00e0 d\u00e9faut, les modalit\u00e9s de la guerre. Seulement ils n&rsquo;ont pas compt\u00e9 sur la pr\u00e9sence, \u00e0 la table, d&rsquo;autres partis&#8230;<\/em><\/p>\n\n\n\n<div style=\"height:121px\" aria-hidden=\"true\" class=\"wp-block-spacer\"><\/div>\n\n\n\n<figure class=\"wp-block-image size-large is-resized\"><img loading=\"lazy\" decoding=\"async\" src=\"https:\/\/www.agenceodyssee.fr\/wp-content\/uploads\/2022\/08\/image-from-rawpixel-id-3219934-jpeg-edited-1-scaled.jpg\" alt=\"\" class=\"wp-image-131\" width=\"463\" height=\"881\"\/><\/figure>\n\n\n\n<div style=\"height:96px\" aria-hidden=\"true\" class=\"wp-block-spacer\"><\/div>\n\n\n\n<div class=\"wp-block-group is-layout-flow wp-container-core-group-is-layout-47e5a185 wp-block-group-is-layout-flow\">\n<p class=\"has-text-align-left\" style=\"font-size:24px\"><strong>Les synth\u00e9tiques r\u00eavent-ils de radcafards \u00e9lectriques ?<\/strong><\/p>\n\n\n\n<p class=\"has-text-align-left\" style=\"font-size:0.77rem\">Une aventure \u00e9trange et diplomatique dans un univers post-apocalyptique<\/p>\n\n\n\n<p style=\"font-size:0.78rem\">Dur\u00e9e : 4h<\/p>\n\n\n\n<p style=\"font-size:0.78rem\">Pour 15 \u00e0 20 personnes<\/p>\n<\/div>\n\n\n\n<p class=\"has-small-font-size\"><em><em>Quittez votre abri et rejoignez les terres d\u00e9sol\u00e9es ! <\/em><\/em><\/p>\n\n\n\n<p class=\"has-small-font-size\"><em><em>Situ\u00e9e dans un univers post-apocalyptique fortement inspir\u00e9 des jeux Fallout mais aussi de classiques du cin\u00e9ma comme Mad Max, cette aventure suit un groupe de survivants r\u00e9unis par les circonstances dans un immeuble en ruine, forc\u00e9s \u00e0 chercher parmi eux la pr\u00e9sence d&rsquo;un Synth\u00e9tique, un de ces andro\u00efdes ind\u00e9tectables \u00e9chapp\u00e9s des laboratoires technologiquement avanc\u00e9s du nord<\/em><\/em>, <em>tandis que les trois factions qui se partagent les ruines de la ville n\u00e9gocient entre elles leurs nouvelles fronti\u00e8res&#8230; Et que des choses \u00e9tranges se passent dans les anciens \u00e9gouts.<\/em><\/p>\n\n\n\n<div style=\"height:71px\" aria-hidden=\"true\" class=\"wp-block-spacer\"><\/div>\n\n\n\n<figure class=\"wp-block-image size-large is-resized\"><img loading=\"lazy\" decoding=\"async\" src=\"https:\/\/www.agenceodyssee.fr\/wp-content\/uploads\/2022\/08\/pexels-lucas-allmann-1378411-2-edited.jpg\" alt=\"\" class=\"wp-image-129\" width=\"483\" height=\"858\" srcset=\"https:\/\/www.agenceodyssee.fr\/wp-content\/uploads\/2022\/08\/pexels-lucas-allmann-1378411-2-edited.jpg 1079w, https:\/\/www.agenceodyssee.fr\/wp-content\/uploads\/2022\/08\/pexels-lucas-allmann-1378411-2-edited-169x300.jpg 169w, https:\/\/www.agenceodyssee.fr\/wp-content\/uploads\/2022\/08\/pexels-lucas-allmann-1378411-2-edited-576x1024.jpg 576w, https:\/\/www.agenceodyssee.fr\/wp-content\/uploads\/2022\/08\/pexels-lucas-allmann-1378411-2-edited-768x1365.jpg 768w, https:\/\/www.agenceodyssee.fr\/wp-content\/uploads\/2022\/08\/pexels-lucas-allmann-1378411-2-edited-864x1536.jpg 864w\" sizes=\"auto, (max-width: 483px) 100vw, 483px\" \/><\/figure>\n<\/div>\n<\/div>\n<\/div>\n<\/div>\n\n\n\n<hr class=\"wp-block-separator has-alpha-channel-opacity\"\/>\n\n\n\n<div style=\"height:100px\" aria-hidden=\"true\" class=\"wp-block-spacer\"><\/div>\n\n\n\n<p class=\"has-text-align-center\"><em>Toutes ces aventures ont d\u00e9j\u00e0 \u00e9t\u00e9 jou\u00e9es : une partie (Cr\u00e9puscule sur la maison Crowmell, P\u00e9nulti\u00e8me traque&#8230;) ont \u00e9t\u00e9 organis\u00e9es pour des particuliers, d&rsquo;autres (Les Synth\u00e9tiques r\u00eavent-ils de radcafards \u00e9lectriques et Mythop\u00e9die Nocturne&#8230;) ont \u00e9t\u00e9 organis\u00e9es pour des conventions, particuli\u00e8rement la convention lyonnaise Octog\u00f4nes, que nous ne saurions trop vous recommander.<\/em><\/p>\n\n\n\n<p class=\"has-text-align-center\"><em>La Java des Truands et le Blues des Petits Villages, quand \u00e0 elles, ont \u00e9t\u00e9 organis\u00e9es pour l&rsquo;instant uniquement pour des magasins de jeux (remerciement entre autres aux Sept Royaumes).<\/em><\/p>\n\n\n\n<p class=\"has-text-align-right\"><em>Toutes ont re\u00e7u un accueil extr\u00eamement positif !<\/em><\/p>\n","protected":false},"excerpt":{"rendered":"<p>Au cours de ses ann\u00e9es d&rsquo;existence, l&rsquo;Agence Odyss\u00e9e a r\u00e9dig\u00e9 un certain nombre de sc\u00e9narios, dont la plupart ont d\u00e9j\u00e0 \u00e9t\u00e9 jou\u00e9s et ont eu d&rsquo;excellents retours.Sur cette page, nous mettons \u00e0 disposition une liste de nos sc\u00e9narios d\u00e9j\u00e0 \u00e9crits, parmi laquelle vous pouvez piocher si vous souhaitez organiser une aventure qui a d\u00e9j\u00e0 fait [&hellip;]<\/p>\n","protected":false},"author":1,"featured_media":0,"parent":0,"menu_order":0,"comment_status":"closed","ping_status":"closed","template":"","meta":{"footnotes":""},"class_list":["post-73","page","type-page","status-publish","hentry"],"_links":{"self":[{"href":"https:\/\/www.agenceodyssee.fr\/index.php\/wp-json\/wp\/v2\/pages\/73","targetHints":{"allow":["GET"]}}],"collection":[{"href":"https:\/\/www.agenceodyssee.fr\/index.php\/wp-json\/wp\/v2\/pages"}],"about":[{"href":"https:\/\/www.agenceodyssee.fr\/index.php\/wp-json\/wp\/v2\/types\/page"}],"author":[{"embeddable":true,"href":"https:\/\/www.agenceodyssee.fr\/index.php\/wp-json\/wp\/v2\/users\/1"}],"replies":[{"embeddable":true,"href":"https:\/\/www.agenceodyssee.fr\/index.php\/wp-json\/wp\/v2\/comments?post=73"}],"version-history":[{"count":29,"href":"https:\/\/www.agenceodyssee.fr\/index.php\/wp-json\/wp\/v2\/pages\/73\/revisions"}],"predecessor-version":[{"id":210,"href":"https:\/\/www.agenceodyssee.fr\/index.php\/wp-json\/wp\/v2\/pages\/73\/revisions\/210"}],"wp:attachment":[{"href":"https:\/\/www.agenceodyssee.fr\/index.php\/wp-json\/wp\/v2\/media?parent=73"}],"curies":[{"name":"wp","href":"https:\/\/api.w.org\/{rel}","templated":true}]}}