{"id":57,"date":"2022-08-24T13:22:02","date_gmt":"2022-08-24T11:22:02","guid":{"rendered":"http:\/\/agencef.cluster029.hosting.ovh.net\/?page_id=57"},"modified":"2022-09-02T23:10:59","modified_gmt":"2022-09-02T21:10:59","slug":"qui-sommes-nous","status":"publish","type":"page","link":"https:\/\/www.agenceodyssee.fr\/index.php\/qui-sommes-nous\/","title":{"rendered":"Questions diverses"},"content":{"rendered":"\n<p class=\"has-text-align-center has-small-font-size\"><em>Vous n&rsquo;\u00eates pas s\u00fbr de ce que c&rsquo;est qu&rsquo;une Aventure Grandeur Nature ? Vous chercher \u00e0 savoir \u00e0 quel point vous devez vous investir pour en organiser une ? Vous voulez absolument une aventure dans un univers sp\u00e9cifique et vous vous demandez si c&rsquo;est possible ? Vous avez plein de questions dans tous les sens ? Alors cette pages est faite pour vous !<\/em><\/p>\n\n\n\n<div style=\"height:42px\" aria-hidden=\"true\" class=\"wp-block-spacer\"><\/div>\n\n\n\n<div class=\"wp-block-group is-content-justification-center is-nowrap is-layout-flex wp-container-core-group-is-layout-54cce247 wp-block-group-is-layout-flex\" style=\"padding-left:0px\">\n<div class=\"wp-block-group has-border-color has-custom-couleur-3-border-color has-custom-couleur-4-color has-custom-couleur-3-background-color has-text-color has-background is-layout-flow wp-container-core-group-is-layout-5910fb6f wp-block-group-is-layout-flow\" style=\"border-style:solid;padding-top:0px;padding-right:16px;padding-bottom:18px;padding-left:0px\">\n<p class=\"has-text-align-center has-small-font-size\">Index<\/p>\n\n\n\n<ol class=\"has-custom-couleur-4-color has-text-color wp-block-list\" style=\"font-size:11px\"><li><a href=\"#quest1\" data-type=\"internal\" data-id=\"#quest1\">Qu&rsquo;est-ce qu&rsquo;une aventure grandeur nature ?<\/a><\/li><li><a href=\"#quest2\">Combien de temps dure une aventure ?<\/a><\/li><li><a href=\"http:\/\/quest3\">Combien de personnes participent \u00e0 une aventure en m\u00eame temps ?<\/a><\/li><li><a href=\"#quest4\">Quel est le d\u00e9roulement standard d&rsquo;une aventure ?<\/a><\/li><li><a href=\"#quest5\">Doit-on avoir de l&rsquo;exp\u00e9rience pour y jouer ?<\/a><\/li><li><a href=\"#quest6\">Est-il possible de jouer un sc\u00e9nario fait sur mesure ?<\/a><\/li><li><a href=\"#quest7\">Dois-je disposer d&rsquo;un lieu pour jouer ?<\/a><\/li><li><a href=\"#quest8\">Faut-il des costumes ?<\/a><\/li><\/ol>\n<\/div>\n<\/div>\n\n\n\n<div class=\"wp-block-group is-layout-flow wp-block-group-is-layout-flow\">\n<div style=\"height:100px\" aria-hidden=\"true\" class=\"wp-block-spacer\"><\/div>\n<\/div>\n\n\n\n<ul class=\"wp-block-list\" id=\"quest1\" style=\"font-size:1.305rem\"><li><strong>Qu&rsquo;est-ce qu&rsquo;une aventure grandeur nature ?<\/strong><\/li><\/ul>\n\n\n\n<p>Une aventure grandeur nature est une exp\u00e9rience ludique au cours de laquelle les participants jouent des personnages dans un contexte sc\u00e9naris\u00e9.<br>C&rsquo;est comparable \u00e0 un escape game, mais dans lequel une partie de l&rsquo;int\u00e9r\u00eat et du jeu viendrait du sc\u00e9nario, des personnages et de leurs relations et objectifs.<\/p>\n\n\n\n<p>On les appelle aussi parfois des soir\u00e9es enqu\u00eates, ou encore des murder-party (terme que nous n&rsquo;utilisons pas \u00e0 cause de sa connotation tr\u00e8s \u00ab\u00a0cluedo\u00a0\u00bb qui implique que le sc\u00e9nario doit obligatoirement autour de la mort d&rsquo;un personnage et \u00eatre centr\u00e9 sur cette enqu\u00eate).<\/p>\n\n\n\n<div style=\"height:50px\" aria-hidden=\"true\" class=\"wp-block-spacer\"><\/div>\n\n\n\n<ul class=\"wp-block-list\" id=\"quest2\" style=\"font-size:1.3rem\"><li><strong>Combien de temps dure une aventure ?<\/strong><\/li><\/ul>\n\n\n\n<p>Ca d\u00e9pend compl\u00e8tement du sc\u00e9nario et de vos besoins. La plupart des sc\u00e9narios d\u00e9j\u00e0 \u00e9crits par l&rsquo;Agence Odyss\u00e9e sont pr\u00e9vus pour une dur\u00e9e d&rsquo;environ 4h, mais tout est modulable.<br>Dans l&rsquo;absolu, notre limite inf\u00e9rieure en terme de dur\u00e9e est d&rsquo;une heure&#8230; Et nous n&rsquo;avons pas encore rencontr\u00e9 de limite sup\u00e9rieure ! <\/p>\n\n\n\n<div style=\"height:50px\" aria-hidden=\"true\" class=\"wp-block-spacer\"><\/div>\n\n\n\n<ul class=\"wp-block-list\" id=\"quest3\" style=\"font-size:21px\"><li><strong>Combien de personnes participent \u00e0 une aventure en m\u00eame temps ?<\/strong><\/li><\/ul>\n\n\n\n<p>Comme pour la dur\u00e9e, c&rsquo;est un \u00e9l\u00e9ment qui d\u00e9pend du sc\u00e9nario. Dans l&rsquo;id\u00e9e, la plupart de nos sc\u00e9narios sont pr\u00e9vus pour 6 \u00e0 20 personnes, de mani\u00e8re plus ou moins adaptable.<br>Si des sc\u00e9narios pour moins (ou plus) de gens sont tout \u00e0 fait envisageables, ils n\u00e9cessiteront plus de r\u00e9flexion et de pr\u00e9paration !<\/p>\n\n\n\n<div style=\"height:50px\" aria-hidden=\"true\" class=\"wp-block-spacer\"><\/div>\n\n\n\n<ul class=\"wp-block-list\" id=\"quest4\" style=\"font-size:21px\"><li><strong>Quel est le d\u00e9roulement standard d&rsquo;une aventure ?<\/strong><\/li><\/ul>\n\n\n\n<p>Typiquement, le d\u00e9roul\u00e9 est le suivant :<\/p>\n\n\n\n<div class=\"wp-block-group has-custom-couleur-5-color has-custom-couleur-1-background-color has-text-color has-background is-layout-flow wp-container-core-group-is-layout-d4d424c8 wp-block-group-is-layout-flow\" style=\"padding-top:20px;padding-right:20px;padding-bottom:40px;padding-left:20px\">\n<ol start=\"1\" class=\"has-custom-couleur-5-color has-custom-couleur-1-background-color has-text-color has-background wp-block-list\"><li>Les participants re\u00e7oivent leur fiche de personnage un peu avant la partie, de mani\u00e8re a pouvoir se familiariser avec.<\/li><\/ol>\n\n\n\n<ol class=\"wp-block-list\" start=\"2\"><li>Avant le d\u00e9but de la partie elle-m\u00eame, quelques petits exercices sont faits, \u00e0 la fois pour s&rsquo;assurer que tout le monde est clair au sujet du fonctionnement du jeu que pour habituer les participants \u00e0 respecter la s\u00e9curit\u00e9 \u00e9motionnelle les uns des autres.<\/li><\/ol>\n\n\n\n<ol class=\"wp-block-list\" start=\"3\"><li>Apr\u00e8s une mise en condition, le jeu se lance, souvent sur un morceau de musique. A compter de cet instant, les participants incarnent leur personnage, un peu comme sur une sc\u00e8ne de th\u00e9\u00e2tre.<\/li><\/ol>\n\n\n\n<ol class=\"wp-block-list\" start=\"4\"><li>La partie se d\u00e9roule. Si le sc\u00e9nario pose les base et d\u00e9finit le contexte, les \u00e9l\u00e9ments et quelques \u00e9v\u00e8nements, la majeure partie du d\u00e9roulement de la soir\u00e9e d\u00e9pendra compl\u00e8tement des actions des personnages.<\/li><\/ol>\n\n\n\n<ol class=\"wp-block-list\" start=\"5\"><li>La partie se finit apr\u00e8s quelques heures, presque toujours d&rsquo;une mani\u00e8re qui surprend les organisateurs et d\u00e9pend des actions et d\u00e9cisions des personnages.<\/li><\/ol>\n\n\n\n<ol class=\"wp-block-list\" start=\"6\"><li>Apr\u00e8s la partie, les organisateurs organisent (selon le temps qui reste et la fatigue des participants) un d\u00e9briefing, au cours duquel tout le monde aura les r\u00e9ponses \u00e0 ses questions, et o\u00f9 chaque personne pourra souligner ce qui lui a plu (ou d\u00e9plu).<\/li><\/ol>\n<\/div>\n\n\n\n<div style=\"height:50px\" aria-hidden=\"true\" class=\"wp-block-spacer\"><\/div>\n\n\n\n<ul class=\"wp-block-list\" id=\"quest5\" style=\"font-size:21px\"><li><strong>Doit-on avoir de l&rsquo;exp\u00e9rience pour y jouer ?<\/strong><\/li><\/ul>\n\n\n\n<p>Absolument pas ! Aucune exp\u00e9rience du jeu de r\u00f4le, du th\u00e9\u00e2tre ou de quoi que ce soit n&rsquo;est n\u00e9cessaire, les sc\u00e9narios sont adapt\u00e9s pour aider chacun et chacune \u00e0 s&rsquo;int\u00e9grer et \u00e0 trouver son jeu.<br>D&rsquo;ailleurs d&rsquo;exp\u00e9rience, ce sont souvent les novices qui nous surprennent le plus !<\/p>\n\n\n\n<div style=\"height:50px\" aria-hidden=\"true\" class=\"wp-block-spacer\"><\/div>\n\n\n\n<ul class=\"wp-block-list\" id=\"quest6\" style=\"font-size:21px\"><li><strong>Est-il possible de jouer un sc\u00e9nario fait sur mesure ?<\/strong><\/li><\/ul>\n\n\n\n<p>Bien s\u00fbr ! Le prix sera un peu plus \u00e9lev\u00e9, en revanche : pour vous donner une id\u00e9e, l&rsquo;\u00e9criture d&rsquo;un sc\u00e9nario d&rsquo;aventure grandeur nature prend entre 70 et 100 heures, surtout pour un sc\u00e9nario \u00ab\u00a0cl\u00e9s en mains\u00a0\u00bb. C&rsquo;est une sacr\u00e9 masse de travail ! D&rsquo;un autre c\u00f4t\u00e9 il est extr\u00eamement satisfaisant de pouvoir organiser une partie dans un univers que vous avez toujours voulu essayer, ou centr\u00e9e autour d&rsquo;un th\u00e8me que vous aimez particuli\u00e8rement !<\/p>\n\n\n\n<div style=\"height:50px\" aria-hidden=\"true\" class=\"wp-block-spacer\"><\/div>\n\n\n\n<div class=\"wp-block-group is-layout-flow wp-block-group-is-layout-flow\">\n<div class=\"wp-block-group is-layout-flow wp-block-group-is-layout-flow\">\n<div class=\"wp-block-group is-layout-flow wp-block-group-is-layout-flow\">\n<div class=\"wp-block-group is-layout-flow wp-block-group-is-layout-flow\">\n<ul class=\"wp-block-list\" id=\"quest7\" style=\"font-size:21px\"><li><strong>Dois-je disposer d&rsquo;un lieu pour jouer ?<\/strong><\/li><\/ul>\n<\/div>\n<\/div>\n\n\n\n<div class=\"wp-block-group is-layout-flow wp-block-group-is-layout-flow\">\n<div class=\"wp-block-group is-layout-flow wp-block-group-is-layout-flow\">\n<p> Ca d\u00e9pend ! Si vous \u00eates un particulier cherchant \u00e0 faire organiser une aventure d&rsquo;anniversaire, la partie peut tout \u00e0 fait se d\u00e9rouler chez un d&rsquo;entre vous, auquel cas il suffira de deux ou trois pi\u00e8ces.<br>De m\u00eame, si vous \u00eates une biblioth\u00e8que ou un mus\u00e9e, vous disposez probablement d&rsquo;ores et d\u00e9j\u00e0 de salles de r\u00e9union ou d&rsquo;exposition, ou peut-\u00eatre des jardins qui seront parfaits pour y faire jouer une partie ! <br>En revanche si vous \u00eates une entreprise cherchant \u00e0 faire une activit\u00e9 collective, vous pr\u00e9f\u00e8rerez sans doute que l&rsquo;Agence Odyss\u00e9e trouve un lieu adapt\u00e9 dans lequel jouer (g\u00eete, ch\u00e2teau, etc), surtout si vous avez le budget pour !<\/p>\n\n\n\n<p>Dans tous les cas, la question de la d\u00e9coration se posera aussi, mais l&rsquo;Agence Odyss\u00e9e peut pour un l\u00e9ger surco\u00fbt s&rsquo;en occuper, en amenant accessoires, tentures, ou autres.<\/p>\n<\/div>\n<\/div>\n<\/div>\n\n\n\n<div style=\"height:50px\" aria-hidden=\"true\" class=\"wp-block-spacer\"><\/div>\n<\/div>\n\n\n\n<div class=\"wp-block-group is-layout-flow wp-block-group-is-layout-flow\">\n<div class=\"wp-block-group is-layout-flow wp-block-group-is-layout-flow\">\n<div class=\"wp-block-group is-layout-flow wp-block-group-is-layout-flow\">\n<div class=\"wp-block-group is-layout-flow wp-block-group-is-layout-flow\">\n<ul class=\"wp-block-list\" id=\"quest8\" style=\"font-size:21px\"><li><strong>Faut-il des costumes ?<\/strong><\/li><\/ul>\n<\/div>\n<\/div>\n\n\n\n<div class=\"wp-block-group is-layout-flow wp-block-group-is-layout-flow\">\n<div class=\"wp-block-group is-layout-flow wp-block-group-is-layout-flow\">\n<p>Encore une fois, \u00e7a d\u00e9pend de votre budget et de votre ambition. Dans l&rsquo;id\u00e9e, si votre budget est r\u00e9duit, les participants peuvent porter des robes, des chemises et des pantalons noirs ou bruns, et feront illusion pour la plupart de nos aventures.<\/p>\n\n\n\n<p>D&rsquo;un autre c\u00f4t\u00e9, si vous voulez un style particuli\u00e8rement marqu\u00e9, de belles sc\u00e8nes th\u00e9\u00e2trales, des photos superbes, ou simplement une immersion plus forte, alors oui, il peut valoir la peine d&rsquo;investir dans des costumes, soit personnellement pour vous-m\u00eame soit collectivement pour que tout le monde ait de quoi se d\u00e9guiser (et il faut admettre que se d\u00e9guiser est un grand plaisir, surtout pour jouer un r\u00f4le !)<\/p>\n<\/div>\n<\/div>\n<\/div>\n\n\n\n<div style=\"height:50px\" aria-hidden=\"true\" class=\"wp-block-spacer\"><\/div>\n<\/div>\n","protected":false},"excerpt":{"rendered":"<p>Vous n&rsquo;\u00eates pas s\u00fbr de ce que c&rsquo;est qu&rsquo;une Aventure Grandeur Nature ? Vous chercher \u00e0 savoir \u00e0 quel point vous devez vous investir pour en organiser une ? Vous voulez absolument une aventure dans un univers sp\u00e9cifique et vous vous demandez si c&rsquo;est possible ? Vous avez plein de questions dans tous les sens [&hellip;]<\/p>\n","protected":false},"author":1,"featured_media":0,"parent":0,"menu_order":0,"comment_status":"closed","ping_status":"closed","template":"","meta":{"footnotes":""},"class_list":["post-57","page","type-page","status-publish","hentry"],"_links":{"self":[{"href":"https:\/\/www.agenceodyssee.fr\/index.php\/wp-json\/wp\/v2\/pages\/57","targetHints":{"allow":["GET"]}}],"collection":[{"href":"https:\/\/www.agenceodyssee.fr\/index.php\/wp-json\/wp\/v2\/pages"}],"about":[{"href":"https:\/\/www.agenceodyssee.fr\/index.php\/wp-json\/wp\/v2\/types\/page"}],"author":[{"embeddable":true,"href":"https:\/\/www.agenceodyssee.fr\/index.php\/wp-json\/wp\/v2\/users\/1"}],"replies":[{"embeddable":true,"href":"https:\/\/www.agenceodyssee.fr\/index.php\/wp-json\/wp\/v2\/comments?post=57"}],"version-history":[{"count":15,"href":"https:\/\/www.agenceodyssee.fr\/index.php\/wp-json\/wp\/v2\/pages\/57\/revisions"}],"predecessor-version":[{"id":206,"href":"https:\/\/www.agenceodyssee.fr\/index.php\/wp-json\/wp\/v2\/pages\/57\/revisions\/206"}],"wp:attachment":[{"href":"https:\/\/www.agenceodyssee.fr\/index.php\/wp-json\/wp\/v2\/media?parent=57"}],"curies":[{"name":"wp","href":"https:\/\/api.w.org\/{rel}","templated":true}]}}