{"id":145,"date":"2022-08-27T12:57:59","date_gmt":"2022-08-27T10:57:59","guid":{"rendered":"https:\/\/www.agenceodyssee.fr\/?page_id=145"},"modified":"2022-08-27T13:13:40","modified_gmt":"2022-08-27T11:13:40","slug":"secrets","status":"publish","type":"page","link":"https:\/\/www.agenceodyssee.fr\/index.php\/secrets\/","title":{"rendered":"Secrets"},"content":{"rendered":"\n<p>Bienvenue sur cette petite page secr\u00e8te, \u00e0 demi camoufl\u00e9e au pied du site ! <\/p>\n\n\n\n<p>D\u00e9j\u00e0 bravo \u00e0 vous de l&rsquo;avoir vue, la plupart des gens n&rsquo;accordent aucune attention au pied de site, peut-\u00eatre \u00e0 tort : les gens y cachent souvent des choses !<\/p>\n\n\n\n<p>Alors, quelle sera votre r\u00e9compense pour avoir d\u00e9couvert ce petit secret ? Une liste de projets d&rsquo;aventures qui tra\u00eenent dans les cartons de l&rsquo;Agence, en attendant que le temps de les d\u00e9velopper ne soit trouv\u00e9. Si d&rsquo;aventure une de ces id\u00e9es vous pla\u00eet au point de vouloir absolument la jouer&#8230; Vous savez ce qui vous reste \u00e0 faire !<\/p>\n\n\n\n<div style=\"height:100px\" aria-hidden=\"true\" class=\"wp-block-spacer\"><\/div>\n\n\n\n<div class=\"wp-block-group has-custom-couleur-3-color has-custom-couleur-5-background-color has-text-color has-background has-medium-font-size is-layout-flow wp-container-core-group-is-layout-add06a18 wp-block-group-is-layout-flow\" style=\"padding-right:30px;padding-left:30px\">\n<p><em>Des bluesmen de louisiane se r\u00e9unissent dans une petite cabane fatigu\u00e9e une nuit d&rsquo;\u00e9t\u00e9, \u00e0 la demande du plus talentueux d&rsquo;entre eux, qui leur annonce avoir obtenu son talent lors d&rsquo;un pacte avec le diable et les implore de l&rsquo;aider \u00e0 survivre \u00e0 cette nuit, o\u00f9 le d\u00e9mon vient chercher son d\u00fb&#8230;<\/em><\/p>\n\n\n\n<p><em>Dans leurs vaisseaux \u00e0 travers la galaxie, tr\u00e8s \u00e9loign\u00e9s les uns des autres, les gens se rendent soudainement compte que des pans entiers d&rsquo;espace cessent purement et simplement d&rsquo;\u00e9mettre tout \u00e0 coup, et se r\u00e9unissent sur un satellite artificiel pour en d\u00e9terminer la cause<\/em><\/p>\n\n\n\n<p><em>Les prisonniers du bagne de l&rsquo;\u00cele du Diable, non loin de Cayenne et de la Guyanne, se r\u00e9unissent secr\u00e8tement au coeur de la nuit pour fomenter une tentative d&rsquo;\u00e9vasion. Seulement voil\u00e0, Ch\u00e9ri-Bibi, le bandit l\u00e9gendaire, que tout le monde croit mort depuis dix ans, intervient soudain dans cette r\u00e9union pour faire valoir des exigences&#8230; Inhumaines.<\/em><\/p>\n\n\n\n<p><em>Rome est en train de tomber, les arm\u00e9es d&rsquo;un chef Celte arriv\u00e9es jusqu&rsquo;\u00e0 ses portes, impitoyables&#8230; Et au c\u0153ur de la tourmente, alors que les murs de la ville peinent \u00e0 retenir les attaquants, l&rsquo;Imperator convoque soudain les repr\u00e9sentants de diff\u00e9rents corps politiques de la ville. Il a, dit-il, une id\u00e9e&#8230;.<\/em><\/p>\n\n\n\n<p>Et tant d&rsquo;autres id\u00e9es \u00e0 venir&#8230;<\/p>\n<\/div>\n\n\n\n<div style=\"height:67px\" aria-hidden=\"true\" class=\"wp-block-spacer\"><\/div>\n\n\n\n<p>Voil\u00e0 pour vous !<\/p>\n\n\n\n<p>Et, si jamais vous voulez faire savoir \u00e0 quelqu&rsquo;un de l&rsquo;Agence Odyss\u00e9e que vous connaissez l&rsquo;existence de cette page (et si, comme nous, vous aimez l&rsquo;id\u00e9e romanesque d&rsquo;un mot de passe, m\u00eame inutile) n&rsquo;h\u00e9sitez pas \u00e0 mettre quelque part dans votre mail le code suivant : \u00ab\u00a0poisson-scie\u00a0\u00bb.<\/p>\n\n\n\n<p>A bient\u00f4t, nous l&rsquo;esp\u00e9rons !<\/p>\n\n\n\n<figure class=\"wp-block-image size-large\"><img loading=\"lazy\" decoding=\"async\" width=\"1024\" height=\"683\" src=\"https:\/\/www.agenceodyssee.fr\/wp-content\/uploads\/2022\/08\/image-from-rawpixel-id-6820761-png-1024x683.png\" alt=\"\" class=\"wp-image-160\" srcset=\"https:\/\/www.agenceodyssee.fr\/wp-content\/uploads\/2022\/08\/image-from-rawpixel-id-6820761-png-1024x683.png 1024w, https:\/\/www.agenceodyssee.fr\/wp-content\/uploads\/2022\/08\/image-from-rawpixel-id-6820761-png-300x200.png 300w, https:\/\/www.agenceodyssee.fr\/wp-content\/uploads\/2022\/08\/image-from-rawpixel-id-6820761-png-768x512.png 768w, https:\/\/www.agenceodyssee.fr\/wp-content\/uploads\/2022\/08\/image-from-rawpixel-id-6820761-png.png 1200w\" sizes=\"auto, (max-width: 1024px) 100vw, 1024px\" \/><\/figure>\n","protected":false},"excerpt":{"rendered":"<p>Bienvenue sur cette petite page secr\u00e8te, \u00e0 demi camoufl\u00e9e au pied du site ! D\u00e9j\u00e0 bravo \u00e0 vous de l&rsquo;avoir vue, la plupart des gens n&rsquo;accordent aucune attention au pied de site, peut-\u00eatre \u00e0 tort : les gens y cachent souvent des choses ! Alors, quelle sera votre r\u00e9compense pour avoir d\u00e9couvert ce petit secret [&hellip;]<\/p>\n","protected":false},"author":1,"featured_media":0,"parent":0,"menu_order":0,"comment_status":"closed","ping_status":"closed","template":"","meta":{"footnotes":""},"class_list":["post-145","page","type-page","status-publish","hentry"],"_links":{"self":[{"href":"https:\/\/www.agenceodyssee.fr\/index.php\/wp-json\/wp\/v2\/pages\/145","targetHints":{"allow":["GET"]}}],"collection":[{"href":"https:\/\/www.agenceodyssee.fr\/index.php\/wp-json\/wp\/v2\/pages"}],"about":[{"href":"https:\/\/www.agenceodyssee.fr\/index.php\/wp-json\/wp\/v2\/types\/page"}],"author":[{"embeddable":true,"href":"https:\/\/www.agenceodyssee.fr\/index.php\/wp-json\/wp\/v2\/users\/1"}],"replies":[{"embeddable":true,"href":"https:\/\/www.agenceodyssee.fr\/index.php\/wp-json\/wp\/v2\/comments?post=145"}],"version-history":[{"count":5,"href":"https:\/\/www.agenceodyssee.fr\/index.php\/wp-json\/wp\/v2\/pages\/145\/revisions"}],"predecessor-version":[{"id":161,"href":"https:\/\/www.agenceodyssee.fr\/index.php\/wp-json\/wp\/v2\/pages\/145\/revisions\/161"}],"wp:attachment":[{"href":"https:\/\/www.agenceodyssee.fr\/index.php\/wp-json\/wp\/v2\/media?parent=145"}],"curies":[{"name":"wp","href":"https:\/\/api.w.org\/{rel}","templated":true}]}}